{"id":37221,"date":"2025-07-02T23:07:02","date_gmt":"2025-07-02T23:07:02","guid":{"rendered":"https:\/\/nationalprobatepartners.com\/?page_id=37221"},"modified":"2025-12-17T19:06:01","modified_gmt":"2025-12-17T19:06:01","slug":"es-probate-triple-digital","status":"publish","type":"page","link":"https:\/\/nationalprobatepartners.com\/es\/","title":{"rendered":"ES Probate Triple Digital"},"content":{"rendered":"\n<h1>\n\t\t\tBufete de abogados galardonado especializado en sucesiones\t<\/h1>\n\t<p>Elija un bufete de abogados litigantes con un historial comprobado de \u00e9xito.<\/p>\n\t\t\t<h5>National Probate Partners esta aqui para ayudar<\/h5>\n\t\t<h2>\n\t\t\tContactenos Ahora\n\t\t<\/h2>\n\t\t    <form data-form_id=\"5\" id=\"fluentform_5\" data-form_instance=\"ff_form_instance_5_1\" method=\"POST\"><fieldset>\n                    <legend>ES-National Probate Partners &#8211; Social<\/legend>        \n                <label for=\"ff_5_item_sf\" aria-label=\"Newsletter\">\n                    Newsletter                <\/label>\n                <input type=\"text\"\n                       name=\"item_5__fluent_sf\"\n                       id=\"ff_5_item_sf\"\n                \/>\n        <input type='hidden' name='__fluent_form_embded_post_id' value='37221' \/><input type=\"hidden\" id=\"_fluentform_5_fluentformnonce\" name=\"_fluentform_5_fluentformnonce\" value=\"373872ab87\" \/><input type=\"hidden\" name=\"_wp_http_referer\" value=\"\/es\/?fl_builder\" \/><label for='ff_5_names_first_name_' id='label_ff_5_names_first_name_'>Nombre<\/label><input type=\"text\" name=\"names[first_name]\" id=\"ff_5_names_first_name_\" placeholder=\"Nombre\" aria-invalid=\"false\" aria-required=true\/><label for='ff_5_names_last_name_' id='label_ff_5_names_last_name_'>Apellido<\/label><input type=\"text\" name=\"names[last_name]\" id=\"ff_5_names_last_name_\" placeholder=\"Apellido\" aria-invalid=\"false\" aria-required=true\/><label for='ff_5_email' id='label_ff_5_email' aria-label=\"Correo\">Correo<\/label><input type=\"email\" name=\"email\" id=\"ff_5_email\" placeholder=\"Direcci\u00f3n de correo electr\u00f3nico\" data-name=\"email\"  aria-invalid=\"false\" aria-required=true\/><label for='ff_5_phone' id='label_ff_5_phone' aria-label=\"Tel\u00e9fono\/M\u00f3vil\">Tel\u00e9fono\/M\u00f3vil<\/label><input name=\"phone\" type=\"tel\" placeholder=\"Tel\u00e9fono\/M\u00f3vil\" data-name=\"phone\" id=\"ff_5_phone\" inputmode=\"tel\"  aria-invalid='false' aria-required=true\/><label for='ff_5_inquiry_type' id='label_ff_5_inquiry_type' aria-label=\"Consulta\">Consulta<\/label><select name=\"inquiry_type\" id=\"ff_5_inquiry_type\" data-name=\"inquiry_type\" data-calc_value=\"0\"  aria-invalid=\"false\" aria-required=\"true\" aria-labelledby=\"label_ff_5_inquiry_type\"><option value=\"\">&#8211; Select &#8211;<\/option><option value=\"New case\"  selected>Caso nuevo<\/option><option value=\"Prior case\">Caso anterior<\/option><option value=\"Current client\">Cliente actual<\/option><option value=\"Employment\">Empleo<\/option><option value=\"Other\">Otro<\/option><\/select><label for='ff_5_state' id='label_ff_5_state' aria-label=\"\u00bfEn qu\u00e9 estado ocurri\u00f3 su incidente?\">\u00bfEn qu\u00e9 estado ocurri\u00f3 su incidente?<\/label><select name=\"state\" id=\"ff_5_state\" data-name=\"state\" data-calc_value=\"0\"  aria-invalid=\"false\" aria-required=\"true\" aria-labelledby=\"label_ff_5_state\"><option value=\"\">&#8211; Select &#8211;<\/option><option value=\"Alabama\">Alabama<\/option><option value=\"Alaska\">Alaska<\/option><option value=\"Arizona\">Arizona<\/option><option value=\"Arkansas\">Arkansas<\/option><option value=\"California\">California<\/option><option value=\"Colorado\">Colorado<\/option><option value=\"Connecticut\">Connecticut<\/option><option value=\"Delaware\">Delaware<\/option><option value=\"District of Columbia\">District of Columbia<\/option><option value=\"Florida\">Florida<\/option><option value=\"Georgia\">Georgia<\/option><option value=\"Hawaii\">Hawaii<\/option><option value=\"Idaho\">Idaho<\/option><option value=\"Illinois\">Illinois<\/option><option value=\"Indiana\">Indiana<\/option><option value=\"Iowa\">Iowa<\/option><option value=\"Kansas\">Kansas<\/option><option value=\"Kentucky\">Kentucky<\/option><option value=\"Louisiana\">Louisiana<\/option><option value=\"Maine\">Maine<\/option><option value=\"Maryland\">Maryland<\/option><option value=\"Massachusetts\">Massachusetts<\/option><option value=\"Michigan\">Michigan<\/option><option value=\"Minnesota\">Minnesota<\/option><option value=\"Mississippi\">Mississippi<\/option><option value=\"Missouri\">Missouri<\/option><option value=\"Montana\">Montana<\/option><option value=\"Nebraska\">Nebraska<\/option><option value=\"Nevada\">Nevada<\/option><option value=\"New Hampshire\">New Hampshire<\/option><option value=\"New Jersey\">New Jersey<\/option><option value=\"New Mexico\">New Mexico<\/option><option value=\"New York\">New York<\/option><option value=\"North Carolina\">North Carolina<\/option><option value=\"North Dakota\">North Dakota<\/option><option value=\"Ohio\">Ohio<\/option><option value=\"Oklahoma\">Oklahoma<\/option><option value=\"Oregon\">Oregon<\/option><option value=\"Pennsylvania\">Pennsylvania<\/option><option value=\"Rhode Island\">Rhode Island<\/option><option value=\"South Carolina\">South Carolina<\/option><option value=\"South Dakota\">South Dakota<\/option><option value=\"Tennessee\">Tennessee<\/option><option value=\"Texas\">Texas<\/option><option value=\"Utah\">Utah<\/option><option value=\"Vermont\">Vermont<\/option><option value=\"Virginia\">Virginia<\/option><option value=\"Washington\">Washington<\/option><option value=\"West Virginia\">West Virginia<\/option><option value=\"Wisconsin\">Wisconsin<\/option><option value=\"Wyoming\">Wyoming<\/option><option value=\"Armed Forces Americas\">Armed Forces Americas<\/option><option value=\"Armed Forces Europe\">Armed Forces Europe<\/option><option value=\"Armed Forces Pacific\">Armed Forces Pacific<\/option><\/select><label for='ff_5_case_summary' id='label_ff_5_case_summary' aria-label=\"Resumen del caso\">Resumen del caso<\/label><textarea aria-required=\"true\" aria-labelledby=\"label_ff_5_case_summary\" name=\"case_summary\" id=\"ff_5_case_summary\" placeholder=\"Cu\u00e9ntenos sobre su caso.\" rows=\"4\" cols=\"2\" data-name=\"case_summary\"><\/textarea><label   aria-label=\"\u00bfCu\u00e1l es el valor estimado del patrimonio (estate)?\">\u00bfCu\u00e1l es el valor estimado del patrimonio (estate)?<\/label><label class='ff-el-form-check-label'><input type=\"radio\" name=\"input_radio\" data-name=\"input_radio\" value=\"M\u00e1s de $50,000\"  id='input_radio_8644f37d618cea25162dd0ceec009e5c' aria-label='M\u00e1s de $50,000' aria-invalid='false' aria-required=true\/> M\u00e1s de $50,000<\/label><label class='ff-el-form-check-label'><input type=\"radio\" name=\"input_radio\" data-name=\"input_radio\" value=\"Menos de $50,000\"  id='input_radio_9b63d99b1f1ef629b99767bb541d183c' aria-label='Menos de $50,000' aria-invalid='false' aria-required=true\/> Menos de $50,000<\/label><label for='ff_5_dropdown' id='label_ff_5_dropdown' aria-label=\"\u00bfHay bienes ra\u00edces dentro del patrimonio (estate)?\">\u00bfHay bienes ra\u00edces dentro del patrimonio (estate)?<\/label><select name=\"dropdown\" id=\"ff_5_dropdown\" data-name=\"dropdown\" data-calc_value=\"0\"  aria-invalid=\"false\" aria-required=\"true\" aria-labelledby=\"label_ff_5_dropdown\"><option value=\"\">&#8211; Select &#8211;<\/option><option value=\"Si\">Si<\/option><option value=\"No\">No<\/option><\/select><label for='ff_5_description' id='label_ff_5_description' aria-label=\"Indique la direcci\u00f3n del bien inmueble:\">Indique la direcci\u00f3n del bien inmueble:<\/label><textarea aria-required=\"false\" aria-labelledby=\"label_ff_5_description\" name=\"description\" id=\"ff_5_description\" placeholder=\"Escriba la direcci\u00f3n.\" rows=\"3\" cols=\"2\" data-name=\"description\"><\/textarea><label for='ff_5_description_1' id='label_ff_5_description_1' aria-label=\"Indique d\u00f3nde falleci\u00f3 la persona (direcci\u00f3n si es posible):\">Indique d\u00f3nde falleci\u00f3 la persona (direcci\u00f3n si es posible):<\/label><textarea aria-required=\"false\" aria-labelledby=\"label_ff_5_description_1\" name=\"description_1\" id=\"ff_5_description_1\" placeholder=\"Escriba la direcci\u00f3n.\" rows=\"3\" cols=\"2\" data-name=\"description_1\"><\/textarea><label aria-label='Al proporcionar su n\u00famero de tel\u00e9fono, usted acepta recibir mensajes de texto de National Probate Partners sobre su caso. Se pueden aplicar tarifas de mensajes y datos.' class='ff-el-form-check-label ff_tc_label' for=gdpr-agreement_756d9c2dd5a6891d1b073f81025f8d0a><input type=\"checkbox\" name=\"gdpr-agreement\" data-name=\"gdpr-agreement\" id=\"gdpr-agreement_756d9c2dd5a6891d1b073f81025f8d0a\"  value='on' aria-invalid='false' aria-required=true\/> Al proporcionar su n\u00famero de tel\u00e9fono, usted acepta recibir mensajes de texto de National Probate Partners sobre su caso. Se pueden aplicar tarifas de mensajes y datos.<\/label><button type=\"submit\"  aria-label=\"Submit Form\">Submit Form<\/button><\/fieldset><\/form>            \n\t\t<h2>\n\t\t\tDesaf\u00edos Sucesorios y C\u00f3mo los Resolvemos\n\t\t<\/h2>\n\t\t<h2>\n\t\t\tDisputas Entre Herederos\n\t\t<\/h2>\n\t\t\tMediamos y litigamos h\u00e1bilmente disputas entre beneficiarios o familiares, a menudo previniendo batallas judiciales largas y costosas.\t\t\n\t\t\t\t<img decoding=\"async\" src=\"https:\/\/mcdonaldworley.com\/wp-content\/uploads\/2020\/08\/steps-to-take-nursing-home-abuse-or-neglect.jpg\" alt=\"Nursing Home Abuse or Neglect\" itemprop=\"image\" height=\"600\" width=\"1650\" title=\"steps-to-take-nursing-home-abuse-or-neglect\" onerror=\"this.style.display='none'\" loading=\"lazy\" \/>\n\t\t\t\t<img decoding=\"async\" src=\"https:\/\/mcdonaldworley.com\/wp-content\/uploads\/2020\/05\/residential-home-construction.jpg\" alt=\"residential-home-construction\" itemprop=\"image\" height=\"397\" width=\"600\" title=\"residential-home-construction\" onerror=\"this.style.display='none'\" loading=\"lazy\" \/>\n\t\t<h2>\n\t\t\tPropiedad Fuera del Estado\n\t\t<\/h2>\n\t\t\tNuestro equipo maneja la sucesi\u00f3n multi-jurisdiccional eficientemente, asegurando una coordinaci\u00f3n fluida entre estados.\t\t\n\t\t<h2>\n\t\t\tReclamos de Acreedores\n\t\t<\/h2>\n\t\t\tVerificamos y manejamos reclamos de acreedores adecuadamente para evitar pagos innecesarios del patrimonio.\t\t\n\t\t\t\t<img decoding=\"async\" src=\"https:\/\/mcdonaldworley.com\/wp-content\/uploads\/2020\/09\/7-things-that-could-lose-your-personal-injury-case.jpg\" alt=\"Lose Your Personal Injury Case\" itemprop=\"image\" height=\"670\" width=\"1000\" title=\"7-things-that-could-lose-your-personal-injury-case-ny\" onerror=\"this.style.display='none'\" loading=\"lazy\" \/>\n\t\t\t\t<img decoding=\"async\" src=\"https:\/\/mcdonaldworley.com\/wp-content\/uploads\/2020\/08\/how-much-do-houston-car-accident-attorneys-charge.jpg\" alt=\"Houston Car Accident Attorneys\" itemprop=\"image\" height=\"670\" width=\"1000\" title=\"how-much-do-houston-car-accident-attorneys-charge\" onerror=\"this.style.display='none'\" loading=\"lazy\" \/>\n\t\t<h2>\n\t\t\tPresentaciones de Impuestos y Cumplimiento\n\t\t<\/h2>\n\t\t\tAyudamos a asegurar que todas las declaraciones de impuestos sucesorios y presentaciones legales cumplan con los requisitos federales y estatales.\u00a0\t\t\n\t\t<h2>\n\t\t\t\u00bfQu\u00e9 Es la Sucesi\u00f3n?\n\t\t<\/h2>\n\t\t\t<p>La sucesi\u00f3n es el proceso legal supervisado por el tribunal para resolver el patrimonio de una persona fallecida. Esto implica identificar e inventariar los bienes de la persona, pagar deudas e impuestos pendientes, y distribuir los bienes restantes a herederos o beneficiarios.<br \/><br \/>Dependiendo de las circunstancias, el proceso puede ser sencillo o altamente complejo. Algunos patrimonios pasan f\u00e1cilmente por la sucesi\u00f3n, mientras que otros enfrentan disputas, reclamos o incluso litigios. Las razones comunes por las que la sucesi\u00f3n se complica incluyen testamentos impugnados, propiedad poco clara de bienes o reclamos de acreedores.<br \/><br \/>En National Probate Partners, ayudamos a dar sentido al proceso sucesorio y trabajamos para minimizar retrasos, disputas y gastos innecesarios.<br \/><br \/>Situaciones Comunes que Requieren Sucesi\u00f3n<\/p><ul><li>El fallecido dej\u00f3 un testamento que debe ser validado por el tribunal.<\/li><li>El fallecido ten\u00eda activos \u00fanicamente a su nombre sin beneficiarios designados.<\/li><li>Hay deudas o impuestos adeudados por el patrimonio.<\/li><li>Los miembros de la familia o beneficiarios no est\u00e1n de acuerdo con la distribuci\u00f3n de los activos.<\/li><li>El fallecido muri\u00f3 intestado (sin testamento), requiriendo que el patrimonio se distribuya seg\u00fan las leyes de sucesi\u00f3n intestada del estado.<\/li><\/ul>\t\t\n\t\t\t\t<img decoding=\"async\" src=\"https:\/\/mcdonaldworley.com\/wp-content\/uploads\/2025\/05\/ceo-holding-eyeglasses-and-contract-2025-03-16-03-17-47-utc-2.jpg\" alt=\"Cropped shot of mature male ceo with eyeglasses in hand holding paper document over workplace while discussing main points of contract\" itemprop=\"image\" height=\"800\" width=\"1200\" title=\"Ceo holding eyeglasses and contract\" onerror=\"this.style.display='none'\" loading=\"lazy\" \/>\n<h2>\n\t\t\tC\u00f3mo Puede Ayudar National Probate Partners\t<\/h2>\n\t\t\t<h3> 1. Administraci\u00f3n de Patrimonios<\/h3> <p>Asistimos a ejecutores y representantes personales con todos los deberes legales involucrados en la administraci\u00f3n de un patrimonio. Estos incluyen la presentaci\u00f3n de documentos requeridos, la creaci\u00f3n de un inventario de los activos del fallecido, la liquidaci\u00f3n de deudas e impuestos, y la distribuci\u00f3n de activos.<\/p>\t\t\n\t\t\t<h3> 2. Litigios Sucesorios y Disputas Testamentarias<\/h3> <p>Desafortunadamente, no todos los asuntos sucesorios son sencillos. Cuando surgen disputas sobre la validez de un testamento, influencia indebida, fraude o t\u00e9rminos ambiguos, nuestros abogados proporcionan representaci\u00f3n agresiva pero reflexiva para proteger sus derechos y resolver el conflicto.<\/p>\t\t\n\t\t\t<h3> 3. Administraci\u00f3n de Fideicomisos<\/h3> <p>Si su ser querido ten\u00eda un fideicomiso, a\u00fan puede haber requisitos legales que cumplir. Nuestro equipo ayuda a los fideicomisarios a cumplir con sus responsabilidades fiduciarias y evitar trampas legales al administrar y distribuir los bienes del fideicomiso.<\/p>\t\t\n\t\t\t<h3> 4. Procedimientos de Tutela y Curatela<\/h3> <p>Cuando una persona est\u00e1 incapacitada sin haber establecido protecciones legales, los miembros de la familia pueden necesitar solicitar al tribunal la tutela o curatela. National Probate Partners ayuda a las familias a navegar estos procedimientos sensibles con cuidado y diligencia.<\/p>\t\t\n\t\t\t<h3> 5. Declaraciones Juradas de Patrimonio Peque\u00f1o y Alternativas a la Sucesi\u00f3n<\/h3> <p>No todos los patrimonios requieren un proceso sucesorio completo. Nuestros abogados eval\u00faan su caso y recomiendan alternativas si el patrimonio califica para procedimientos simplificados, como una declaraci\u00f3n jurada de patrimonio peque\u00f1o o designaciones de transferencia por fallecimiento.<\/p>\t\t\n\t\t\t<h3> 6. Sucesi\u00f3n Fuera del Estado (Sucesi\u00f3n Auxiliar)<\/h3> <p>Si el difunto pose\u00eda propiedades en m\u00faltiples estados, puede ser necesario abrir casos sucesorios adicionales en esos estados. Rutinariamente ayudamos con estos asuntos complicados para asegurar un proceso sin problemas.<\/p>\t\t\n\t\t\t<h5>Eligiendo al mejor!<\/h5>\n\t\t<h2>\n\t\t\t\u00bfPor Qu\u00e9 Elegir National Probate Partners para Asuntos Sucesorios?\n\t\t<\/h2>\n\t\t\t<p><strong>Experiencia y Reconocimiento<\/strong>National Probate Partner ha estado sirviendo a clientes en todo Texas y la naci\u00f3n por m\u00e1s de dos d\u00e9cadas. Nuestros abogados han ganado respeto por su habilidad en resolver incluso los casos sucesorios m\u00e1s complicados de manera eficiente y rentable. Nuestra firma ha sido reconocida por Newsweek y Time Magazine por su excelencia legal.<strong>Servicio Personalizado<\/strong>Creemos que la sucesi\u00f3n no debe ser un proceso \u00fanico para todos. Cada familia y cada patrimonio es diferente. Nuestros abogados se toman el tiempo para entender sus necesidades \u00fanicas y crear una estrategia personalizada para ayudarle a resolver su asunto sucesorio de la manera m\u00e1s fluida posible.<strong>Compasi\u00f3n y Profesionalismo<\/strong>Sabemos lo emocionalmente cargados que pueden ser estos casos. Nuestros clientes conf\u00edan en nosotros no solo para brindar un servicio legal de primera clase, sino tambi\u00e9n para proporcionar apoyo compasivo durante un cap\u00edtulo doloroso de la vida.<\/p>\t\t\n\t\t\t<a href=\"tel:13612981288\" target=\"_self\">\n\t\t\t\t\t\t\tLlame ahora\n\t\t\t\t\t<\/a>\n\t\t\t\t<img decoding=\"async\" src=\"https:\/\/mcdonaldworley.com\/wp-content\/uploads\/2020\/12\/why-would-your-houston-personal-injury-attorney-settle.jpg\" alt=\"Houston Personal Injury Attorney\" itemprop=\"image\" height=\"600\" width=\"1000\" title=\"why-would-your-houston-personal-injury-attorney-settle\" onerror=\"this.style.display='none'\" loading=\"lazy\" \/>\n\t\t<h2>\n\t\t\tPreguntas Frecuentes sobre Sucesi\u00f3n\n\t\t<\/h2>\n\t\t\t\t\t\t\t\t\t\t<h4 tabindex=\"0\">P: \u00bfCu\u00e1nto tiempo toma la sucesi\u00f3n en Texas?<\/h4>\n<p>R: La duraci\u00f3n de la sucesi\u00f3n depende del tama\u00f1o y la complejidad del patrimonio, as\u00ed como de si surgen disputas. Generalmente, la sucesi\u00f3n toma entre seis meses y un a\u00f1o en Texas.<\/p>\n\t\t\t\t\t\t\t\t\t\t<h4 tabindex=\"0\">\tP: \u00bfQu\u00e9 sucede si mi ser querido muri\u00f3 sin testamento?<\/h4>\n<p>R: Si no hay testamento (intestado), el patrimonio se distribuir\u00e1 seg\u00fan las leyes de sucesi\u00f3n intestada de Texas, que generalmente dan prioridad a c\u00f3nyuges, hijos y familiares cercanos<\/p>\n\t\t\t\t\t\t\t\t\t\t<h4 tabindex=\"0\">P: \u00bfSiempre se requiere sucesi\u00f3n?<\/h4>\n<p>R: No. La sucesi\u00f3n solo es necesaria si el fallecido ten\u00eda activos que no pueden transferirse por otros medios (por ejemplo, cuentas pagaderas al fallecimiento, propiedad conjunta con derecho de supervivencia). Algunos patrimonios califican para procedimientos de patrimonio peque\u00f1o que evitan la sucesi\u00f3n formal.<\/p>\n\u00a0\n\t\t\t\t\t\t\t\t\t\t<h4 tabindex=\"0\">P: \u00bfPuedo manejar la sucesi\u00f3n sin un abogado?<\/h4>\n<p>R: T\u00e9cnicamente es posible, pero altamente desaconsejado. La sucesi\u00f3n involucra plazos legales estrictos, documentaci\u00f3n detallada y responsabilidades fiduciarias. Incluso peque\u00f1os errores pueden resultar en costosos retrasos y responsabilidades. Contratar a un abogado sucesorio experimentado asegura que el proceso se maneje correctamente.<\/p>\n\u00a0\n\t\t\t\t\t\t\t\t\t\t<h4 tabindex=\"0\">P: \u00bfCu\u00e1l es el costo de la sucesi\u00f3n?<\/h4>\n\n<p>R: Los costos var\u00edan seg\u00fan la complejidad del patrimonio y si surge un litigio. Los costos t\u00edpicos incluyen tarifas judiciales, honorarios de abogados y costos de tasaci\u00f3n. En National Probate Partners, proporcionamos precios transparentes por adelantado y explicaciones claras de todos los costos anticipados.<\/p>\n\u00a0\n\u00a0\n\t\t\t<h5>Planeacion de Sucesi\u00f3n<\/h5>\n\t\t<h2>\n\t\t\tEvitando la Sucesi\u00f3n en el Futuro\n\t\t<\/h2>\n\t\t\t<p>Si bien nos enorgullece ayudar a las familias a navegar la sucesi\u00f3n, nuestra firma tambi\u00e9n ayuda a los clientes a planificar con anticipaci\u00f3n para evitar la sucesi\u00f3n cuando sea posible. Nuestros servicios de planificaci\u00f3n patrimonial incluyen:<ul><li>Testamentos y fideicomisos<\/li><li>Escrituras de transferencia por muerte (TOD)<\/li><li>Configuraciones de cuentas pagaderas por muerte (POD)<\/li><li>Poderes notariales duraderos<\/li><li>Directivas de atenci\u00f3n m\u00e9dica<\/li><\/ul><br \/>Podemos ayudarle a usted o a su ser querido a establecer un plan patrimonial integral que minimice la exposici\u00f3n a la sucesi\u00f3n y asegure la tranquilidad para sus herederos.<\/p>\t\t\n\t\t\t<a href=\"tel:13612981288\" target=\"_self\">\n\t\t\t\t\t\t\tLlame ahora\n\t\t\t\t\t<\/a>\n\t\t\t\t<img decoding=\"async\" src=\"https:\/\/mcdonaldworley.com\/wp-content\/uploads\/2025\/05\/happy-black-couple-on-a-meeting-with-financial-adv-2024-12-13-17-10-44-utc-01.jpg\" alt=\"Happy African American couple having a meeting with their insurance agent in the office and looking at camera.\" itemprop=\"image\" height=\"800\" width=\"1200\" title=\"Happy black couple on a meeting with financial advisor looking at camera.\" onerror=\"this.style.display='none'\" loading=\"lazy\" \/>\n\n","protected":false},"excerpt":{"rendered":"<p>Bufete de abogados galardonado especializado en sucesiones Elija un bufete de abogados litigantes con un historial comprobado de \u00e9xito. National Probate Partners esta aqui para ayudar Contactenos Ahora ES-National Probate Partners &#8211; Social Newsletter NombreApellidoCorreoTel\u00e9fono\/M\u00f3vilConsulta&#8211; Select &#8211;Caso nuevoCaso anteriorCliente actualEmpleoOtro\u00bfEn qu\u00e9 estado ocurri\u00f3 su incidente?&#8211; Select &#8211;AlabamaAlaskaArizonaArkansasCaliforniaColoradoConnecticutDelawareDistrict of ColumbiaFloridaGeorgiaHawaiiIdahoIllinoisIndianaIowaKansasKentuckyLouisianaMaineMarylandMassachusettsMichiganMinnesotaMississippiMissouriMontanaNebraskaNevadaNew HampshireNew JerseyNew MexicoNew YorkNorth CarolinaNorth DakotaOhioOklahomaOregonPennsylvaniaRhode [&hellip;]<\/p>\n","protected":false},"author":2,"featured_media":0,"parent":0,"menu_order":0,"comment_status":"closed","ping_status":"closed","template":"","meta":{"site-sidebar-layout":"no-sidebar","site-content-layout":"page-builder","ast-site-content-layout":"default","site-content-style":"default","site-sidebar-style":"default","ast-global-header-display":"","ast-banner-title-visibility":"","ast-main-header-display":"","ast-hfb-above-header-display":"","ast-hfb-below-header-display":"","ast-hfb-mobile-header-display":"","site-post-title":"disabled","ast-breadcrumbs-content":"","ast-featured-img":"disabled","footer-sml-layout":"","ast-disable-related-posts":"","theme-transparent-header-meta":"default","adv-header-id-meta":"","stick-header-meta":"","header-above-stick-meta":"","header-main-stick-meta":"","header-below-stick-meta":"","astra-migrate-meta-layouts":"set","ast-page-background-enabled":"default","ast-page-background-meta":{"desktop":{"background-color":"var(--ast-global-color-4)","background-image":"","background-repeat":"repeat","background-position":"center center","background-size":"auto","background-attachment":"scroll","background-type":"","background-media":"","overlay-type":"","overlay-color":"","overlay-opacity":"","overlay-gradient":""},"tablet":{"background-color":"","background-image":"","background-repeat":"repeat","background-position":"center center","background-size":"auto","background-attachment":"scroll","background-type":"","background-media":"","overlay-type":"","overlay-color":"","overlay-opacity":"","overlay-gradient":""},"mobile":{"background-color":"","background-image":"","background-repeat":"repeat","background-position":"center center","background-size":"auto","background-attachment":"scroll","background-type":"","background-media":"","overlay-type":"","overlay-color":"","overlay-opacity":"","overlay-gradient":""}},"ast-content-background-meta":{"desktop":{"background-color":"var(--ast-global-color-5)","background-image":"","background-repeat":"repeat","background-position":"center center","background-size":"auto","background-attachment":"scroll","background-type":"","background-media":"","overlay-type":"","overlay-color":"","overlay-opacity":"","overlay-gradient":""},"tablet":{"background-color":"var(--ast-global-color-5)","background-image":"","background-repeat":"repeat","background-position":"center center","background-size":"auto","background-attachment":"scroll","background-type":"","background-media":"","overlay-type":"","overlay-color":"","overlay-opacity":"","overlay-gradient":""},"mobile":{"background-color":"var(--ast-global-color-5)","background-image":"","background-repeat":"repeat","background-position":"center center","background-size":"auto","background-attachment":"scroll","background-type":"","background-media":"","overlay-type":"","overlay-color":"","overlay-opacity":"","overlay-gradient":""}},"footnotes":""},"class_list":["post-37221","page","type-page","status-publish","hentry"],"_links":{"self":[{"href":"https:\/\/nationalprobatepartners.com\/es\/wp-json\/wp\/v2\/pages\/37221","targetHints":{"allow":["GET"]}}],"collection":[{"href":"https:\/\/nationalprobatepartners.com\/es\/wp-json\/wp\/v2\/pages"}],"about":[{"href":"https:\/\/nationalprobatepartners.com\/es\/wp-json\/wp\/v2\/types\/page"}],"author":[{"embeddable":true,"href":"https:\/\/nationalprobatepartners.com\/es\/wp-json\/wp\/v2\/users\/2"}],"replies":[{"embeddable":true,"href":"https:\/\/nationalprobatepartners.com\/es\/wp-json\/wp\/v2\/comments?post=37221"}],"version-history":[{"count":9,"href":"https:\/\/nationalprobatepartners.com\/es\/wp-json\/wp\/v2\/pages\/37221\/revisions"}],"predecessor-version":[{"id":37439,"href":"https:\/\/nationalprobatepartners.com\/es\/wp-json\/wp\/v2\/pages\/37221\/revisions\/37439"}],"wp:attachment":[{"href":"https:\/\/nationalprobatepartners.com\/es\/wp-json\/wp\/v2\/media?parent=37221"}],"curies":[{"name":"wp","href":"https:\/\/api.w.org\/{rel}","templated":true}]}}